{"id":20,"date":"2018-09-24T09:56:22","date_gmt":"2018-09-24T09:56:22","guid":{"rendered":"https:\/\/elektrik.co.rs\/wp\/?page_id=20"},"modified":"2018-10-15T12:35:49","modified_gmt":"2018-10-15T12:35:49","slug":"terms","status":"publish","type":"page","link":"https:\/\/elektrik.co.rs\/?page_id=20","title":{"rendered":"Prodajno mesto"},"content":{"rendered":"\t\t<div data-elementor-type=\"wp-page\" data-elementor-id=\"20\" class=\"elementor elementor-20 elementor-bc-flex-widget\">\n\t\t\t\t\t\t\t\t\t<section class=\"elementor-section elementor-top-section elementor-element elementor-element-426f3b6 elementor-section-boxed elementor-section-height-default elementor-section-height-default\" data-id=\"426f3b6\" data-element_type=\"section\">\n\t\t\t\t\t\t<div class=\"elementor-container elementor-column-gap-default\">\n\t\t\t\t\t<div class=\"elementor-column elementor-col-100 elementor-top-column elementor-element elementor-element-66158df\" data-id=\"66158df\" data-element_type=\"column\">\n\t\t\t<div class=\"elementor-widget-wrap elementor-element-populated\">\n\t\t\t\t\t\t\t\t<div class=\"elementor-element elementor-element-02a2edc elementor-widget elementor-widget-google_maps\" data-id=\"02a2edc\" data-element_type=\"widget\" data-widget_type=\"google_maps.default\">\n\t\t\t\t<div class=\"elementor-widget-container\">\n\t\t\t\t\t<div class=\"elementor-custom-embed\">\n\t\t\t<iframe loading=\"lazy\"\n\t\t\t\t\tsrc=\"https:\/\/maps.google.com\/maps?q=elektrik%20nib&#038;t=m&#038;z=10&#038;output=embed&#038;iwloc=near\"\n\t\t\t\t\ttitle=\"elektrik nib\"\n\t\t\t\t\taria-label=\"elektrik nib\"\n\t\t\t><\/iframe>\n\t\t<\/div>\n\t\t\t\t<\/div>\n\t\t\t\t<\/div>\n\t\t\t\t\t<\/div>\n\t\t<\/div>\n\t\t\t\t\t\t\t<\/div>\n\t\t<\/section>\n\t\t\t\t<section class=\"elementor-section elementor-top-section elementor-element elementor-element-2b7c05c elementor-section-boxed elementor-section-height-default elementor-section-height-default\" data-id=\"2b7c05c\" data-element_type=\"section\">\n\t\t\t\t\t\t<div class=\"elementor-container elementor-column-gap-default\">\n\t\t\t\t\t<div class=\"elementor-column elementor-col-100 elementor-top-column elementor-element elementor-element-5238913\" data-id=\"5238913\" data-element_type=\"column\">\n\t\t\t<div class=\"elementor-widget-wrap elementor-element-populated\">\n\t\t\t\t\t\t\t\t<div class=\"elementor-element elementor-element-e952ea7 elementor-widget elementor-widget-text-editor\" data-id=\"e952ea7\" data-element_type=\"widget\" data-widget_type=\"text-editor.default\">\n\t\t\t\t<div class=\"elementor-widget-container\">\n\t\t\t\t\t\t\t<p><strong>Telefon<\/strong>: 011\/4042252 ; 065\/6347975<\/p><p><strong>Radno vreme<\/strong>: Ponedeljak-Petak 09:00-17:00h \/ Subota 10:00-15:00h<\/p>\t\t\t\t\t\t<\/div>\n\t\t\t\t<\/div>\n\t\t\t\t\t<\/div>\n\t\t<\/div>\n\t\t\t\t\t\t\t<\/div>\n\t\t<\/section>\n\t\t\t\t<section class=\"elementor-section elementor-top-section elementor-element elementor-element-e49a938 elementor-section-boxed elementor-section-height-default elementor-section-height-default\" data-id=\"e49a938\" data-element_type=\"section\">\n\t\t\t\t\t\t<div class=\"elementor-container elementor-column-gap-default\">\n\t\t\t\t\t<div class=\"elementor-column elementor-col-100 elementor-top-column elementor-element elementor-element-7541ce6\" data-id=\"7541ce6\" data-element_type=\"column\">\n\t\t\t<div class=\"elementor-widget-wrap elementor-element-populated\">\n\t\t\t\t\t\t\t\t<div class=\"elementor-element elementor-element-a8376c3 elementor-widget elementor-widget-text-editor\" data-id=\"a8376c3\" data-element_type=\"widget\" data-widget_type=\"text-editor.default\">\n\t\t\t\t<div class=\"elementor-widget-container\">\n\t\t\t\t\t\t\t<p><strong>Na\u010din pla\u0107anja<\/strong>: Gotovina, \u010dekovi gra\u0111ana, odlo\u017eeno pla\u0107anje na 3 mese\u010dne rate kreditnim karticama Banke Intese, platne kartice<\/p>\t\t\t\t\t\t<\/div>\n\t\t\t\t<\/div>\n\t\t\t\t\t<\/div>\n\t\t<\/div>\n\t\t\t\t\t\t\t<\/div>\n\t\t<\/section>\n\t\t\t\t<section class=\"elementor-section elementor-top-section elementor-element elementor-element-6b240a1 elementor-section-boxed elementor-section-height-default elementor-section-height-default\" data-id=\"6b240a1\" data-element_type=\"section\">\n\t\t\t\t\t\t<div class=\"elementor-container elementor-column-gap-default\">\n\t\t\t\t\t<div class=\"elementor-column elementor-col-100 elementor-top-column elementor-element elementor-element-05d501f\" data-id=\"05d501f\" data-element_type=\"column\">\n\t\t\t<div class=\"elementor-widget-wrap elementor-element-populated\">\n\t\t\t\t\t\t\t\t<div class=\"elementor-element elementor-element-ee5b139 elementor-widget elementor-widget-image\" data-id=\"ee5b139\" data-element_type=\"widget\" data-widget_type=\"image.default\">\n\t\t\t\t<div class=\"elementor-widget-container\">\n\t\t\t\t\t\t\t\t\t\t\t\t\t\t\t<img width=\"600\" height=\"50\" src=\"https:\/\/elektrik.co.rs\/wp-content\/uploads\/2018\/10\/platne-kartice-01-1.gif\" class=\"attachment-large size-large wp-image-362\" alt=\"\" loading=\"lazy\" \/>\t\t\t\t\t\t\t\t\t\t\t\t\t\t\t<\/div>\n\t\t\t\t<\/div>\n\t\t\t\t\t<\/div>\n\t\t<\/div>\n\t\t\t\t\t\t\t<\/div>\n\t\t<\/section>\n\t\t\t\t\t\t\t<\/div>\n\t\t","protected":false},"excerpt":{"rendered":"<p>Telefon: 011\/4042252 ; 065\/6347975 Radno vreme: Ponedeljak-Petak 09:00-17:00h \/ Subota 10:00-15:00h Na\u010din pla\u0107anja: Gotovina, \u010dekovi gra\u0111ana, odlo\u017eeno pla\u0107anje na 3 mese\u010dne rate kreditnim karticama Banke Intese, platne kartice<\/p>\n","protected":false},"author":1,"featured_media":0,"parent":0,"menu_order":0,"comment_status":"closed","ping_status":"closed","template":"","meta":[],"_links":{"self":[{"href":"https:\/\/elektrik.co.rs\/index.php?rest_route=\/wp\/v2\/pages\/20"}],"collection":[{"href":"https:\/\/elektrik.co.rs\/index.php?rest_route=\/wp\/v2\/pages"}],"about":[{"href":"https:\/\/elektrik.co.rs\/index.php?rest_route=\/wp\/v2\/types\/page"}],"author":[{"embeddable":true,"href":"https:\/\/elektrik.co.rs\/index.php?rest_route=\/wp\/v2\/users\/1"}],"replies":[{"embeddable":true,"href":"https:\/\/elektrik.co.rs\/index.php?rest_route=%2Fwp%2Fv2%2Fcomments&post=20"}],"version-history":[{"count":3,"href":"https:\/\/elektrik.co.rs\/index.php?rest_route=\/wp\/v2\/pages\/20\/revisions"}],"predecessor-version":[{"id":364,"href":"https:\/\/elektrik.co.rs\/index.php?rest_route=\/wp\/v2\/pages\/20\/revisions\/364"}],"wp:attachment":[{"href":"https:\/\/elektrik.co.rs\/index.php?rest_route=%2Fwp%2Fv2%2Fmedia&parent=20"}],"curies":[{"name":"wp","href":"https:\/\/api.w.org\/{rel}","templated":true}]}}