{"id":151,"date":"2018-09-25T09:15:15","date_gmt":"2018-09-25T09:15:15","guid":{"rendered":"https:\/\/elektrik.co.rs\/wp\/?page_id=151"},"modified":"2018-09-26T11:56:27","modified_gmt":"2018-09-26T11:56:27","slug":"grejalice-za-kupatilo-susaci","status":"publish","type":"page","link":"https:\/\/elektrik.co.rs\/?page_id=151","title":{"rendered":"Grejalice za kupatilo &#8211; SU\u0160A\u010cI"},"content":{"rendered":"\t\t<div data-elementor-type=\"wp-post\" data-elementor-id=\"151\" class=\"elementor elementor-151 elementor-bc-flex-widget\">\n\t\t\t\t\t\t\t\t\t<section class=\"elementor-section elementor-top-section elementor-element elementor-element-f62b419 elementor-section-boxed elementor-section-height-default elementor-section-height-default\" data-id=\"f62b419\" data-element_type=\"section\">\n\t\t\t\t\t\t<div class=\"elementor-container elementor-column-gap-default\">\n\t\t\t\t\t<div class=\"elementor-column elementor-col-50 elementor-top-column elementor-element elementor-element-d9d003a\" data-id=\"d9d003a\" data-element_type=\"column\">\n\t\t\t<div class=\"elementor-widget-wrap elementor-element-populated\">\n\t\t\t\t\t\t\t\t<div class=\"elementor-element elementor-element-47ff7183 elementor-widget elementor-widget-image\" data-id=\"47ff7183\" data-element_type=\"widget\" data-widget_type=\"image.default\">\n\t\t\t\t<div class=\"elementor-widget-container\">\n\t\t\t\t\t\t\t\t\t\t\t\t\t\t\t<img width=\"1920\" height=\"1080\" src=\"https:\/\/elektrik.co.rs\/wp-content\/uploads\/2018\/09\/Finesa_0006_proizvod.png\" class=\"elementor-animation-grow attachment-full size-full wp-image-309\" alt=\"radijator za kupatilo finesa\" loading=\"lazy\" srcset=\"https:\/\/elektrik.co.rs\/wp-content\/uploads\/2018\/09\/Finesa_0006_proizvod.png 1920w, https:\/\/elektrik.co.rs\/wp-content\/uploads\/2018\/09\/Finesa_0006_proizvod-300x169.png 300w, https:\/\/elektrik.co.rs\/wp-content\/uploads\/2018\/09\/Finesa_0006_proizvod-768x432.png 768w, https:\/\/elektrik.co.rs\/wp-content\/uploads\/2018\/09\/Finesa_0006_proizvod-1024x576.png 1024w\" sizes=\"(max-width: 1920px) 100vw, 1920px\" \/>\t\t\t\t\t\t\t\t\t\t\t\t\t\t\t<\/div>\n\t\t\t\t<\/div>\n\t\t\t\t\t<\/div>\n\t\t<\/div>\n\t\t\t\t<div class=\"elementor-column elementor-col-50 elementor-top-column elementor-element elementor-element-6717cdab\" data-id=\"6717cdab\" data-element_type=\"column\">\n\t\t\t<div class=\"elementor-widget-wrap elementor-element-populated\">\n\t\t\t\t\t\t\t\t<div class=\"elementor-element elementor-element-10fa66f9 elementor-widget elementor-widget-heading\" data-id=\"10fa66f9\" data-element_type=\"widget\" data-widget_type=\"heading.default\">\n\t\t\t\t<div class=\"elementor-widget-container\">\n\t\t\t<h2 class=\"elementor-heading-title elementor-size-default\">Finesa<\/h2>\t\t<\/div>\n\t\t\t\t<\/div>\n\t\t\t\t<div class=\"elementor-element elementor-element-5e0462d8 elementor-widget elementor-widget-heading\" data-id=\"5e0462d8\" data-element_type=\"widget\" data-widget_type=\"heading.default\">\n\t\t\t\t<div class=\"elementor-widget-container\">\n\t\t\t<h5 class=\"elementor-heading-title elementor-size-default\">Dostupni luksuz<\/h5>\t\t<\/div>\n\t\t\t\t<\/div>\n\t\t\t\t<div class=\"elementor-element elementor-element-3457f81e elementor-widget elementor-widget-text-editor\" data-id=\"3457f81e\" data-element_type=\"widget\" data-widget_type=\"text-editor.default\">\n\t\t\t\t<div class=\"elementor-widget-container\">\n\t\t\t\t\t\t\t<ul><li>Prednji paneli su napravljeni od aluminijumskih profila visokog kvaliteta. Unutra\u0161nja konstrukcija, delovi koji su u kontaktu sa vodom su napravljeni od ner\u0111aju\u0107eg \u010delika<\/li><li>Za razli\u010dite sisteme<\/li><li>Dr\u017ea\u010di za pe\u0161kire u boji ili od poliranog prohroma<\/li><\/ul><p><strong>Garancija 12 godina!<\/strong><\/p><p>\u00a0<\/p>\t\t\t\t\t\t<\/div>\n\t\t\t\t<\/div>\n\t\t\t\t<div class=\"elementor-element elementor-element-1bb1a936 elementor-widget elementor-widget-button\" data-id=\"1bb1a936\" data-element_type=\"widget\" data-widget_type=\"button.default\">\n\t\t\t\t<div class=\"elementor-widget-container\">\n\t\t\t\t\t<div class=\"elementor-button-wrapper\">\n\t\t\t<a class=\"elementor-button elementor-button-link elementor-size-md elementor-animation-pulse\" href=\"https:\/\/elektrik.co.rs\/?page_id=302\">\n\t\t\t\t\t\t<span class=\"elementor-button-content-wrapper\">\n\t\t\t\t\t\t<span class=\"elementor-button-icon elementor-align-icon-right\">\n\t\t\t\t\t\t\t\t\t<i class=\"fa fa-arrow-right\" aria-hidden=\"true\"><\/i>\n\t\t\t\t\t\t\t<\/span>\n\t\t\t\t\t\t<span class=\"elementor-button-text\">Saznaj vi\u0161e<\/span>\n\t\t<\/span>\n\t\t\t\t\t<\/a>\n\t\t<\/div>\n\t\t\t\t<\/div>\n\t\t\t\t<\/div>\n\t\t\t\t\t<\/div>\n\t\t<\/div>\n\t\t\t\t\t\t\t<\/div>\n\t\t<\/section>\n\t\t\t\t<section class=\"elementor-section elementor-top-section elementor-element elementor-element-778722cc elementor-section-boxed elementor-section-height-default elementor-section-height-default\" data-id=\"778722cc\" data-element_type=\"section\">\n\t\t\t\t\t\t<div class=\"elementor-container elementor-column-gap-default\">\n\t\t\t\t\t<div class=\"elementor-column elementor-col-50 elementor-top-column elementor-element elementor-element-35a060f9\" data-id=\"35a060f9\" data-element_type=\"column\">\n\t\t\t<div class=\"elementor-widget-wrap elementor-element-populated\">\n\t\t\t\t\t\t\t\t<div class=\"elementor-element elementor-element-2c534010 elementor-widget elementor-widget-heading\" data-id=\"2c534010\" data-element_type=\"widget\" data-widget_type=\"heading.default\">\n\t\t\t\t<div class=\"elementor-widget-container\">\n\t\t\t<h2 class=\"elementor-heading-title elementor-size-default\">Finesa Elektrik<\/h2>\t\t<\/div>\n\t\t\t\t<\/div>\n\t\t\t\t<div class=\"elementor-element elementor-element-2894332e elementor-widget elementor-widget-heading\" data-id=\"2894332e\" data-element_type=\"widget\" data-widget_type=\"heading.default\">\n\t\t\t\t<div class=\"elementor-widget-container\">\n\t\t\t<h5 class=\"elementor-heading-title elementor-size-default\">Dostupni luksuz<\/h5>\t\t<\/div>\n\t\t\t\t<\/div>\n\t\t\t\t<div class=\"elementor-element elementor-element-3122e23c elementor-widget elementor-widget-text-editor\" data-id=\"3122e23c\" data-element_type=\"widget\" data-widget_type=\"text-editor.default\">\n\t\t\t\t<div class=\"elementor-widget-container\">\n\t\t\t\t\t\t\t<ul><li>Prednji paneli su napraljni aluminijumskih profila visokog kvaliteta; Integrisani elektri\u010dni greja\u010d<\/li><li>Elektri\u010dni priklju\u010dak<\/li><li>Dr\u017ea\u010di za pe\u0161kire u boji ili od poliranog prohroma<\/li><\/ul><p><strong>Garancija 3 godine!<\/strong><\/p><p>\u00a0<\/p>\t\t\t\t\t\t<\/div>\n\t\t\t\t<\/div>\n\t\t\t\t<div class=\"elementor-element elementor-element-f74d7c elementor-widget elementor-widget-button\" data-id=\"f74d7c\" data-element_type=\"widget\" data-widget_type=\"button.default\">\n\t\t\t\t<div class=\"elementor-widget-container\">\n\t\t\t\t\t<div class=\"elementor-button-wrapper\">\n\t\t\t<a class=\"elementor-button elementor-button-link elementor-size-md elementor-animation-pulse\" href=\"https:\/\/elektrik.co.rs\/?page_id=304\">\n\t\t\t\t\t\t<span class=\"elementor-button-content-wrapper\">\n\t\t\t\t\t\t<span class=\"elementor-button-icon elementor-align-icon-right\">\n\t\t\t\t\t\t\t\t\t<i class=\"fa fa-arrow-right\" aria-hidden=\"true\"><\/i>\n\t\t\t\t\t\t\t<\/span>\n\t\t\t\t\t\t<span class=\"elementor-button-text\">Saznaj vi\u0161e<\/span>\n\t\t<\/span>\n\t\t\t\t\t<\/a>\n\t\t<\/div>\n\t\t\t\t<\/div>\n\t\t\t\t<\/div>\n\t\t\t\t\t<\/div>\n\t\t<\/div>\n\t\t\t\t<div class=\"elementor-column elementor-col-50 elementor-top-column elementor-element elementor-element-74b491b1\" data-id=\"74b491b1\" data-element_type=\"column\">\n\t\t\t<div class=\"elementor-widget-wrap elementor-element-populated\">\n\t\t\t\t\t\t\t\t<div class=\"elementor-element elementor-element-7dc5b06f elementor-widget elementor-widget-image\" data-id=\"7dc5b06f\" data-element_type=\"widget\" data-widget_type=\"image.default\">\n\t\t\t\t<div class=\"elementor-widget-container\">\n\t\t\t\t\t\t\t\t\t\t\t\t\t\t\t<img width=\"1920\" height=\"1080\" src=\"https:\/\/elektrik.co.rs\/wp-content\/uploads\/2018\/09\/Finesa-Elektrik-0006.png\" class=\"elementor-animation-grow attachment-full size-full wp-image-310\" alt=\"radijator za kupatiloFinesa-Elektrik-0006\" loading=\"lazy\" srcset=\"https:\/\/elektrik.co.rs\/wp-content\/uploads\/2018\/09\/Finesa-Elektrik-0006.png 1920w, https:\/\/elektrik.co.rs\/wp-content\/uploads\/2018\/09\/Finesa-Elektrik-0006-300x169.png 300w, https:\/\/elektrik.co.rs\/wp-content\/uploads\/2018\/09\/Finesa-Elektrik-0006-768x432.png 768w, https:\/\/elektrik.co.rs\/wp-content\/uploads\/2018\/09\/Finesa-Elektrik-0006-1024x576.png 1024w\" sizes=\"(max-width: 1920px) 100vw, 1920px\" \/>\t\t\t\t\t\t\t\t\t\t\t\t\t\t\t<\/div>\n\t\t\t\t<\/div>\n\t\t\t\t\t<\/div>\n\t\t<\/div>\n\t\t\t\t\t\t\t<\/div>\n\t\t<\/section>\n\t\t\t\t\t\t\t<\/div>\n\t\t","protected":false},"excerpt":{"rendered":"<p>Finesa Dostupni luksuz Prednji paneli su napravljeni od aluminijumskih profila visokog kvaliteta. Unutra\u0161nja konstrukcija, delovi koji su u kontaktu sa vodom su napravljeni od ner\u0111aju\u0107eg \u010delika Za razli\u010dite sisteme Dr\u017ea\u010di za pe\u0161kire u boji ili od poliranog prohroma Garancija 12 godina! \u00a0 Saznaj vi\u0161e Finesa Elektrik Dostupni luksuz Prednji paneli su napraljni aluminijumskih profila visokog [&hellip;]<\/p>\n","protected":false},"author":1,"featured_media":0,"parent":0,"menu_order":0,"comment_status":"closed","ping_status":"closed","template":"","meta":[],"_links":{"self":[{"href":"https:\/\/elektrik.co.rs\/index.php?rest_route=\/wp\/v2\/pages\/151"}],"collection":[{"href":"https:\/\/elektrik.co.rs\/index.php?rest_route=\/wp\/v2\/pages"}],"about":[{"href":"https:\/\/elektrik.co.rs\/index.php?rest_route=\/wp\/v2\/types\/page"}],"author":[{"embeddable":true,"href":"https:\/\/elektrik.co.rs\/index.php?rest_route=\/wp\/v2\/users\/1"}],"replies":[{"embeddable":true,"href":"https:\/\/elektrik.co.rs\/index.php?rest_route=%2Fwp%2Fv2%2Fcomments&post=151"}],"version-history":[{"count":2,"href":"https:\/\/elektrik.co.rs\/index.php?rest_route=\/wp\/v2\/pages\/151\/revisions"}],"predecessor-version":[{"id":311,"href":"https:\/\/elektrik.co.rs\/index.php?rest_route=\/wp\/v2\/pages\/151\/revisions\/311"}],"wp:attachment":[{"href":"https:\/\/elektrik.co.rs\/index.php?rest_route=%2Fwp%2Fv2%2Fmedia&parent=151"}],"curies":[{"name":"wp","href":"https:\/\/api.w.org\/{rel}","templated":true}]}}