{"id":143,"date":"2018-09-25T09:13:55","date_gmt":"2018-09-25T09:13:55","guid":{"rendered":"https:\/\/elektrik.co.rs\/wp\/?page_id=143"},"modified":"2018-09-27T09:09:58","modified_gmt":"2018-09-27T09:09:58","slug":"francuski-atlantic","status":"publish","type":"page","link":"https:\/\/elektrik.co.rs\/?page_id=143","title":{"rendered":"Francuski &#8211; ATLANTIC"},"content":{"rendered":"\t\t<div data-elementor-type=\"wp-post\" data-elementor-id=\"143\" class=\"elementor elementor-143 elementor-bc-flex-widget\">\n\t\t\t\t\t\t\t\t\t<section class=\"elementor-section elementor-top-section elementor-element elementor-element-fd3f508 elementor-section-boxed elementor-section-height-default elementor-section-height-default\" data-id=\"fd3f508\" data-element_type=\"section\">\n\t\t\t\t\t\t<div class=\"elementor-container elementor-column-gap-default\">\n\t\t\t\t\t<div class=\"elementor-column elementor-col-50 elementor-top-column elementor-element elementor-element-8deadaf\" data-id=\"8deadaf\" data-element_type=\"column\">\n\t\t\t<div class=\"elementor-widget-wrap elementor-element-populated\">\n\t\t\t\t\t\t\t\t<div class=\"elementor-element elementor-element-ae6b260 elementor-widget elementor-widget-image\" data-id=\"ae6b260\" data-element_type=\"widget\" data-widget_type=\"image.default\">\n\t\t\t\t<div class=\"elementor-widget-container\">\n\t\t\t\t\t\t\t\t\t\t\t\t\t\t\t<img width=\"305\" height=\"305\" src=\"https:\/\/elektrik.co.rs\/wp-content\/uploads\/2018\/09\/f119-0_59b7d2fdd436a_305x305r.png\" class=\"elementor-animation-grow attachment-full size-full wp-image-203\" alt=\"francuski radijator f119\" loading=\"lazy\" srcset=\"https:\/\/elektrik.co.rs\/wp-content\/uploads\/2018\/09\/f119-0_59b7d2fdd436a_305x305r.png 305w, https:\/\/elektrik.co.rs\/wp-content\/uploads\/2018\/09\/f119-0_59b7d2fdd436a_305x305r-150x150.png 150w, https:\/\/elektrik.co.rs\/wp-content\/uploads\/2018\/09\/f119-0_59b7d2fdd436a_305x305r-300x300.png 300w\" sizes=\"(max-width: 305px) 100vw, 305px\" \/>\t\t\t\t\t\t\t\t\t\t\t\t\t\t\t<\/div>\n\t\t\t\t<\/div>\n\t\t\t\t\t<\/div>\n\t\t<\/div>\n\t\t\t\t<div class=\"elementor-column elementor-col-50 elementor-top-column elementor-element elementor-element-49b67b4\" data-id=\"49b67b4\" data-element_type=\"column\">\n\t\t\t<div class=\"elementor-widget-wrap elementor-element-populated\">\n\t\t\t\t\t\t\t\t<div class=\"elementor-element elementor-element-e31ec14 elementor-widget elementor-widget-heading\" data-id=\"e31ec14\" data-element_type=\"widget\" data-widget_type=\"heading.default\">\n\t\t\t\t<div class=\"elementor-widget-container\">\n\t\t\t<h2 class=\"elementor-heading-title elementor-size-default\">F119<\/h2>\t\t<\/div>\n\t\t\t\t<\/div>\n\t\t\t\t<div class=\"elementor-element elementor-element-309cace elementor-widget elementor-widget-heading\" data-id=\"309cace\" data-element_type=\"widget\" data-widget_type=\"heading.default\">\n\t\t\t\t<div class=\"elementor-widget-container\">\n\t\t\t<h5 class=\"elementor-heading-title elementor-size-default\">Nova generacija modela F117, model 2018<\/h5>\t\t<\/div>\n\t\t\t\t<\/div>\n\t\t\t\t<div class=\"elementor-element elementor-element-872d33f elementor-widget elementor-widget-text-editor\" data-id=\"872d33f\" data-element_type=\"widget\" data-widget_type=\"text-editor.default\">\n\t\t\t\t<div class=\"elementor-widget-container\">\n\t\t\t\t\t\t\t<ul><li><span style=\"margin: 0px; padding: 0px; border: 0px; outline: 0px; -webkit-tap-highlight-color: transparent;\"><b>\u0160tedi energiju do 15 %<\/b><\/span><\/li><li>2 in 1 HD\u00a0ehnologija za ravnomerno i brzo zagrevanje<\/li><li>Termostat s mikroprocesorom,\u00a0<span style=\"margin: 0px; padding: 0px; border: 0px; outline: 0px; -webkit-tap-highlight-color: transparent; font-weight: bold;\">osetljivost<\/span>\u00a00,10C<\/li><li>Provera\u00a0temperature svakih 40 sekundi<\/li><li>Sigurnosni\u00a0<span style=\"margin: 0px; padding: 0px; border: 0px; outline: 0px; -webkit-tap-highlight-color: transparent; font-weight: bold;\">limitator<\/span>\u00a0u slu\u010daju pregrevanja ili prekrivanja\u00a0<\/li><\/ul>\t\t\t\t\t\t<\/div>\n\t\t\t\t<\/div>\n\t\t\t\t<div class=\"elementor-element elementor-element-3cbe0b2 elementor-widget elementor-widget-button\" data-id=\"3cbe0b2\" data-element_type=\"widget\" data-widget_type=\"button.default\">\n\t\t\t\t<div class=\"elementor-widget-container\">\n\t\t\t\t\t<div class=\"elementor-button-wrapper\">\n\t\t\t<a class=\"elementor-button elementor-button-link elementor-size-md elementor-animation-pulse\" href=\"https:\/\/elektrik.co.rs\/?page_id=193\">\n\t\t\t\t\t\t<span class=\"elementor-button-content-wrapper\">\n\t\t\t\t\t\t<span class=\"elementor-button-icon elementor-align-icon-right\">\n\t\t\t\t\t\t\t\t\t<i class=\"fa fa-arrow-right\" aria-hidden=\"true\"><\/i>\n\t\t\t\t\t\t\t<\/span>\n\t\t\t\t\t\t<span class=\"elementor-button-text\">Saznaj vi\u0161e<\/span>\n\t\t<\/span>\n\t\t\t\t\t<\/a>\n\t\t<\/div>\n\t\t\t\t<\/div>\n\t\t\t\t<\/div>\n\t\t\t\t\t<\/div>\n\t\t<\/div>\n\t\t\t\t\t\t\t<\/div>\n\t\t<\/section>\n\t\t\t\t<section class=\"elementor-section elementor-top-section elementor-element elementor-element-422e648 elementor-section-boxed elementor-section-height-default elementor-section-height-default\" data-id=\"422e648\" data-element_type=\"section\">\n\t\t\t\t\t\t<div class=\"elementor-container elementor-column-gap-default\">\n\t\t\t\t\t<div class=\"elementor-column elementor-col-50 elementor-top-column elementor-element elementor-element-490510c\" data-id=\"490510c\" data-element_type=\"column\">\n\t\t\t<div class=\"elementor-widget-wrap elementor-element-populated\">\n\t\t\t\t\t\t\t\t<div class=\"elementor-element elementor-element-17c2417 elementor-widget elementor-widget-heading\" data-id=\"17c2417\" data-element_type=\"widget\" data-widget_type=\"heading.default\">\n\t\t\t\t<div class=\"elementor-widget-container\">\n\t\t\t<h2 class=\"elementor-heading-title elementor-size-default\">F129<\/h2>\t\t<\/div>\n\t\t\t\t<\/div>\n\t\t\t\t<div class=\"elementor-element elementor-element-34e54b7 elementor-widget elementor-widget-heading\" data-id=\"34e54b7\" data-element_type=\"widget\" data-widget_type=\"heading.default\">\n\t\t\t\t<div class=\"elementor-widget-container\">\n\t\t\t<h5 class=\"elementor-heading-title elementor-size-default\">Nova generacija modela Altis, model 2018<\/h5>\t\t<\/div>\n\t\t\t\t<\/div>\n\t\t\t\t<div class=\"elementor-element elementor-element-2ff3c80 elementor-widget elementor-widget-text-editor\" data-id=\"2ff3c80\" data-element_type=\"widget\" data-widget_type=\"text-editor.default\">\n\t\t\t\t<div class=\"elementor-widget-container\">\n\t\t\t\t\t\t\t<ul><li><span style=\"margin: 0px; padding: 0px; border: 0px; outline: 0px; -webkit-tap-highlight-color: transparent;\"><b>\u0160tedi energiju do 25 %<\/b><\/span><\/li><li>Mogu\u0107nost\u00a0jednostavnog\u00a0<span style=\"margin: 0px; padding: 0px; border: 0px; outline: 0px; -webkit-tap-highlight-color: transparent; font-weight: bold;\">programiranja<\/span>\u00a0ure\u0111aja 24h\/7 dana<\/li><li><span style=\"margin: 0px; padding: 0px; border: 0px; outline: 0px; -webkit-tap-highlight-color: transparent; font-weight: bold;\">2u1 HD<\/span>\u00a0tehnologija: homogena toplota + slim dizajn<\/li><li>Precizni\u00a0<span style=\"margin: 0px; padding: 0px; border: 0px; outline: 0px; -webkit-tap-highlight-color: transparent; font-weight: bold;\">elektronski<\/span>\u00a0termostat<\/li><li>Digitalna\u00a0<span style=\"margin: 0px; padding: 0px; border: 0px; outline: 0px; -webkit-tap-highlight-color: transparent; font-weight: bold;\">LCD<\/span>\u00a0upravlja\u010dka plo\u010da<\/li><\/ul>\t\t\t\t\t\t<\/div>\n\t\t\t\t<\/div>\n\t\t\t\t<div class=\"elementor-element elementor-element-9021610 elementor-widget elementor-widget-button\" data-id=\"9021610\" data-element_type=\"widget\" data-widget_type=\"button.default\">\n\t\t\t\t<div class=\"elementor-widget-container\">\n\t\t\t\t\t<div class=\"elementor-button-wrapper\">\n\t\t\t<a class=\"elementor-button elementor-button-link elementor-size-md elementor-animation-pulse\" href=\"https:\/\/elektrik.co.rs\/?page_id=195\">\n\t\t\t\t\t\t<span class=\"elementor-button-content-wrapper\">\n\t\t\t\t\t\t<span class=\"elementor-button-icon elementor-align-icon-right\">\n\t\t\t\t\t\t\t\t\t<i class=\"fa fa-arrow-right\" aria-hidden=\"true\"><\/i>\n\t\t\t\t\t\t\t<\/span>\n\t\t\t\t\t\t<span class=\"elementor-button-text\">Saznaj vi\u0161e<\/span>\n\t\t<\/span>\n\t\t\t\t\t<\/a>\n\t\t<\/div>\n\t\t\t\t<\/div>\n\t\t\t\t<\/div>\n\t\t\t\t\t<\/div>\n\t\t<\/div>\n\t\t\t\t<div class=\"elementor-column elementor-col-50 elementor-top-column elementor-element elementor-element-24eb8e3\" data-id=\"24eb8e3\" data-element_type=\"column\">\n\t\t\t<div class=\"elementor-widget-wrap elementor-element-populated\">\n\t\t\t\t\t\t\t\t<div class=\"elementor-element elementor-element-5122e69 elementor-widget elementor-widget-image\" data-id=\"5122e69\" data-element_type=\"widget\" data-widget_type=\"image.default\">\n\t\t\t\t<div class=\"elementor-widget-container\">\n\t\t\t\t\t\t\t\t\t\t\t\t\t\t\t<img width=\"305\" height=\"305\" src=\"https:\/\/elektrik.co.rs\/wp-content\/uploads\/2018\/09\/f119-0_59b7d2fdd436a_305x305r.png\" class=\"elementor-animation-grow attachment-full size-full wp-image-203\" alt=\"francuski radijator f119\" loading=\"lazy\" srcset=\"https:\/\/elektrik.co.rs\/wp-content\/uploads\/2018\/09\/f119-0_59b7d2fdd436a_305x305r.png 305w, https:\/\/elektrik.co.rs\/wp-content\/uploads\/2018\/09\/f119-0_59b7d2fdd436a_305x305r-150x150.png 150w, https:\/\/elektrik.co.rs\/wp-content\/uploads\/2018\/09\/f119-0_59b7d2fdd436a_305x305r-300x300.png 300w\" sizes=\"(max-width: 305px) 100vw, 305px\" \/>\t\t\t\t\t\t\t\t\t\t\t\t\t\t\t<\/div>\n\t\t\t\t<\/div>\n\t\t\t\t\t<\/div>\n\t\t<\/div>\n\t\t\t\t\t\t\t<\/div>\n\t\t<\/section>\n\t\t\t\t<section class=\"elementor-section elementor-top-section elementor-element elementor-element-391e7e3 elementor-section-boxed elementor-section-height-default elementor-section-height-default\" data-id=\"391e7e3\" data-element_type=\"section\">\n\t\t\t\t\t\t<div class=\"elementor-container elementor-column-gap-default\">\n\t\t\t\t\t<div class=\"elementor-column elementor-col-50 elementor-top-column elementor-element elementor-element-c1af63b\" data-id=\"c1af63b\" data-element_type=\"column\">\n\t\t\t<div class=\"elementor-widget-wrap elementor-element-populated\">\n\t\t\t\t\t\t\t\t<div class=\"elementor-element elementor-element-7767403 elementor-widget elementor-widget-image\" data-id=\"7767403\" data-element_type=\"widget\" data-widget_type=\"image.default\">\n\t\t\t\t<div class=\"elementor-widget-container\">\n\t\t\t\t\t\t\t\t\t\t\t\t\t\t\t<img width=\"400\" height=\"400\" src=\"https:\/\/elektrik.co.rs\/wp-content\/uploads\/2018\/09\/F117_atlantic_elmark_slider.jpg\" class=\"elementor-animation-grow attachment-full size-full wp-image-206\" alt=\"francuski radijator f17 3000w\" loading=\"lazy\" srcset=\"https:\/\/elektrik.co.rs\/wp-content\/uploads\/2018\/09\/F117_atlantic_elmark_slider.jpg 400w, https:\/\/elektrik.co.rs\/wp-content\/uploads\/2018\/09\/F117_atlantic_elmark_slider-150x150.jpg 150w, https:\/\/elektrik.co.rs\/wp-content\/uploads\/2018\/09\/F117_atlantic_elmark_slider-300x300.jpg 300w\" sizes=\"(max-width: 400px) 100vw, 400px\" \/>\t\t\t\t\t\t\t\t\t\t\t\t\t\t\t<\/div>\n\t\t\t\t<\/div>\n\t\t\t\t\t<\/div>\n\t\t<\/div>\n\t\t\t\t<div class=\"elementor-column elementor-col-50 elementor-top-column elementor-element elementor-element-630e22d\" data-id=\"630e22d\" data-element_type=\"column\">\n\t\t\t<div class=\"elementor-widget-wrap elementor-element-populated\">\n\t\t\t\t\t\t\t\t<div class=\"elementor-element elementor-element-f852b46 elementor-widget elementor-widget-heading\" data-id=\"f852b46\" data-element_type=\"widget\" data-widget_type=\"heading.default\">\n\t\t\t\t<div class=\"elementor-widget-container\">\n\t\t\t<h2 class=\"elementor-heading-title elementor-size-default\">F17 3000W<\/h2>\t\t<\/div>\n\t\t\t\t<\/div>\n\t\t\t\t<div class=\"elementor-element elementor-element-44653cd elementor-widget elementor-widget-heading\" data-id=\"44653cd\" data-element_type=\"widget\" data-widget_type=\"heading.default\">\n\t\t\t\t<div class=\"elementor-widget-container\">\n\t\t\t<h5 class=\"elementor-heading-title elementor-size-default\">Ure\u0111aj jedinstven na tr\u017ei\u0161tu<\/h5>\t\t<\/div>\n\t\t\t\t<\/div>\n\t\t\t\t<div class=\"elementor-element elementor-element-0772b83 elementor-widget elementor-widget-text-editor\" data-id=\"0772b83\" data-element_type=\"widget\" data-widget_type=\"text-editor.default\">\n\t\t\t\t<div class=\"elementor-widget-container\">\n\t\t\t\t\t\t\t<ul><li><b>Malih dimenzija, veoma laka instalacija na zid<\/b><\/li><li>\u00a0Pristupa\u010dan i lako podesiv elektromehani\u010dki termostat<\/li><li>\u00a0Za\u0161tita od pregrevanja ure\u0111aja<\/li><\/ul>\t\t\t\t\t\t<\/div>\n\t\t\t\t<\/div>\n\t\t\t\t<div class=\"elementor-element elementor-element-a3208b4 elementor-widget elementor-widget-text-editor\" data-id=\"a3208b4\" data-element_type=\"widget\" data-widget_type=\"text-editor.default\">\n\t\t\t\t<div class=\"elementor-widget-container\">\n\t\t\t\t\t\t\t\t\t\t\t\t\t<\/div>\n\t\t\t\t<\/div>\n\t\t\t\t<div class=\"elementor-element elementor-element-b74034c elementor-widget elementor-widget-spacer\" data-id=\"b74034c\" data-element_type=\"widget\" data-widget_type=\"spacer.default\">\n\t\t\t\t<div class=\"elementor-widget-container\">\n\t\t\t\t\t<div class=\"elementor-spacer\">\n\t\t\t<div class=\"elementor-spacer-inner\"><\/div>\n\t\t<\/div>\n\t\t\t\t<\/div>\n\t\t\t\t<\/div>\n\t\t\t\t<div class=\"elementor-element elementor-element-bfe7aeb elementor-widget elementor-widget-button\" data-id=\"bfe7aeb\" data-element_type=\"widget\" data-widget_type=\"button.default\">\n\t\t\t\t<div class=\"elementor-widget-container\">\n\t\t\t\t\t<div class=\"elementor-button-wrapper\">\n\t\t\t<a class=\"elementor-button elementor-button-link elementor-size-md elementor-animation-pulse\" href=\"https:\/\/elektrik.co.rs\/?page_id=197\">\n\t\t\t\t\t\t<span class=\"elementor-button-content-wrapper\">\n\t\t\t\t\t\t<span class=\"elementor-button-icon elementor-align-icon-right\">\n\t\t\t\t\t\t\t\t\t<i class=\"fa fa-arrow-right\" aria-hidden=\"true\"><\/i>\n\t\t\t\t\t\t\t<\/span>\n\t\t\t\t\t\t<span class=\"elementor-button-text\">Saznaj vi\u0161e<\/span>\n\t\t<\/span>\n\t\t\t\t\t<\/a>\n\t\t<\/div>\n\t\t\t\t<\/div>\n\t\t\t\t<\/div>\n\t\t\t\t\t<\/div>\n\t\t<\/div>\n\t\t\t\t\t\t\t<\/div>\n\t\t<\/section>\n\t\t\t\t\t\t\t<\/div>\n\t\t","protected":false},"excerpt":{"rendered":"<p>F119 Nova generacija modela F117, model 2018 \u0160tedi energiju do 15 % 2 in 1 HD\u00a0ehnologija za ravnomerno i brzo zagrevanje Termostat s mikroprocesorom,\u00a0osetljivost\u00a00,10C Provera\u00a0temperature svakih 40 sekundi Sigurnosni\u00a0limitator\u00a0u slu\u010daju pregrevanja ili prekrivanja\u00a0 Saznaj vi\u0161e F129 Nova generacija modela Altis, model 2018 \u0160tedi energiju do 25 % Mogu\u0107nost\u00a0jednostavnog\u00a0programiranja\u00a0ure\u0111aja 24h\/7 dana 2u1 HD\u00a0tehnologija: homogena toplota + [&hellip;]<\/p>\n","protected":false},"author":1,"featured_media":0,"parent":0,"menu_order":0,"comment_status":"closed","ping_status":"closed","template":"","meta":[],"_links":{"self":[{"href":"https:\/\/elektrik.co.rs\/index.php?rest_route=\/wp\/v2\/pages\/143"}],"collection":[{"href":"https:\/\/elektrik.co.rs\/index.php?rest_route=\/wp\/v2\/pages"}],"about":[{"href":"https:\/\/elektrik.co.rs\/index.php?rest_route=\/wp\/v2\/types\/page"}],"author":[{"embeddable":true,"href":"https:\/\/elektrik.co.rs\/index.php?rest_route=\/wp\/v2\/users\/1"}],"replies":[{"embeddable":true,"href":"https:\/\/elektrik.co.rs\/index.php?rest_route=%2Fwp%2Fv2%2Fcomments&post=143"}],"version-history":[{"count":4,"href":"https:\/\/elektrik.co.rs\/index.php?rest_route=\/wp\/v2\/pages\/143\/revisions"}],"predecessor-version":[{"id":357,"href":"https:\/\/elektrik.co.rs\/index.php?rest_route=\/wp\/v2\/pages\/143\/revisions\/357"}],"wp:attachment":[{"href":"https:\/\/elektrik.co.rs\/index.php?rest_route=%2Fwp%2Fv2%2Fmedia&parent=143"}],"curies":[{"name":"wp","href":"https:\/\/api.w.org\/{rel}","templated":true}]}}