{"id":128,"date":"2018-09-25T08:35:15","date_gmt":"2018-09-25T08:35:15","guid":{"rendered":"https:\/\/elektrik.co.rs\/wp\/?page_id=128"},"modified":"2018-09-25T11:43:57","modified_gmt":"2018-09-25T11:43:57","slug":"radijatori","status":"publish","type":"page","link":"https:\/\/elektrik.co.rs\/?page_id=128","title":{"rendered":"Radijatori"},"content":{"rendered":"\t\t<div data-elementor-type=\"wp-post\" data-elementor-id=\"128\" class=\"elementor elementor-128 elementor-bc-flex-widget\">\n\t\t\t\t\t\t\t\t\t<section class=\"elementor-section elementor-top-section elementor-element elementor-element-3d5dbd2d elementor-section-content-middle elementor-section-boxed elementor-section-height-default elementor-section-height-default\" data-id=\"3d5dbd2d\" data-element_type=\"section\">\n\t\t\t\t\t\t<div class=\"elementor-container elementor-column-gap-no\">\n\t\t\t\t\t<div class=\"elementor-column elementor-col-100 elementor-top-column elementor-element elementor-element-246871b1\" data-id=\"246871b1\" data-element_type=\"column\">\n\t\t\t<div class=\"elementor-widget-wrap elementor-element-populated\">\n\t\t\t\t\t\t\t\t<div class=\"elementor-element elementor-element-ee2bddd elementor-widget elementor-widget-heading\" data-id=\"ee2bddd\" data-element_type=\"widget\" data-widget_type=\"heading.default\">\n\t\t\t\t<div class=\"elementor-widget-container\">\n\t\t\t<h4 class=\"elementor-heading-title elementor-size-default\">Konvektori<\/h4>\t\t<\/div>\n\t\t\t\t<\/div>\n\t\t\t\t<section class=\"elementor-section elementor-inner-section elementor-element elementor-element-7d612681 elementor-section-content-middle elementor-section-boxed elementor-section-height-default elementor-section-height-default\" data-id=\"7d612681\" data-element_type=\"section\">\n\t\t\t\t\t\t<div class=\"elementor-container elementor-column-gap-no\">\n\t\t\t\t\t<div class=\"elementor-column elementor-col-33 elementor-inner-column elementor-element elementor-element-762162ae\" data-id=\"762162ae\" data-element_type=\"column\">\n\t\t\t<div class=\"elementor-widget-wrap elementor-element-populated\">\n\t\t\t\t\t\t\t\t<div class=\"elementor-element elementor-element-4e8d2495 elementor-widget elementor-widget-image\" data-id=\"4e8d2495\" data-element_type=\"widget\" data-widget_type=\"image.default\">\n\t\t\t\t<div class=\"elementor-widget-container\">\n\t\t\t\t\t\t\t\t\t\t\t\t\t\t\t\t<a href=\"https:\/\/elektrik.co.rs\/?page_id=143\">\n\t\t\t\t\t\t\t<img width=\"400\" height=\"400\" src=\"https:\/\/elektrik.co.rs\/wp-content\/uploads\/2018\/09\/f119_slide_3.jpg\" class=\"elementor-animation-grow attachment-large size-large wp-image-166\" alt=\"francuski radijator f119\" loading=\"lazy\" srcset=\"https:\/\/elektrik.co.rs\/wp-content\/uploads\/2018\/09\/f119_slide_3.jpg 400w, https:\/\/elektrik.co.rs\/wp-content\/uploads\/2018\/09\/f119_slide_3-150x150.jpg 150w, https:\/\/elektrik.co.rs\/wp-content\/uploads\/2018\/09\/f119_slide_3-300x300.jpg 300w\" sizes=\"(max-width: 400px) 100vw, 400px\" \/>\t\t\t\t\t\t\t\t<\/a>\n\t\t\t\t\t\t\t\t\t\t\t\t\t\t\t<\/div>\n\t\t\t\t<\/div>\n\t\t\t\t\t<\/div>\n\t\t<\/div>\n\t\t\t\t<div class=\"elementor-column elementor-col-33 elementor-inner-column elementor-element elementor-element-367dc627\" data-id=\"367dc627\" data-element_type=\"column\">\n\t\t\t<div class=\"elementor-widget-wrap elementor-element-populated\">\n\t\t\t\t\t\t\t\t<div class=\"elementor-element elementor-element-a2fbca0 elementor-widget elementor-widget-heading\" data-id=\"a2fbca0\" data-element_type=\"widget\" data-widget_type=\"heading.default\">\n\t\t\t\t<div class=\"elementor-widget-container\">\n\t\t\t<h2 class=\"elementor-heading-title elementor-size-default\">Ensto<\/h2>\t\t<\/div>\n\t\t\t\t<\/div>\n\t\t\t\t<div class=\"elementor-element elementor-element-66214074 elementor-widget elementor-widget-text-editor\" data-id=\"66214074\" data-element_type=\"widget\" data-widget_type=\"text-editor.default\">\n\t\t\t\t<div class=\"elementor-widget-container\">\n\t\t\t\t\t\t\t<p>Finski radijator<br \/>Modeli: Beta<\/p>\t\t\t\t\t\t<\/div>\n\t\t\t\t<\/div>\n\t\t\t\t\t<\/div>\n\t\t<\/div>\n\t\t\t\t<div class=\"elementor-column elementor-col-33 elementor-inner-column elementor-element elementor-element-2d313f3a\" data-id=\"2d313f3a\" data-element_type=\"column\">\n\t\t\t<div class=\"elementor-widget-wrap elementor-element-populated\">\n\t\t\t\t\t\t\t\t<div class=\"elementor-element elementor-element-64be7068 elementor-widget elementor-widget-image\" data-id=\"64be7068\" data-element_type=\"widget\" data-widget_type=\"image.default\">\n\t\t\t\t<div class=\"elementor-widget-container\">\n\t\t\t\t\t\t\t\t\t\t\t\t\t\t\t\t<a href=\"https:\/\/elektrik.co.rs\/?page_id=147\">\n\t\t\t\t\t\t\t<img width=\"1024\" height=\"576\" src=\"https:\/\/elektrik.co.rs\/wp-content\/uploads\/2018\/09\/slider_aero_02-1024x576.png\" class=\"elementor-animation-grow attachment-large size-large wp-image-169\" alt=\"\" loading=\"lazy\" srcset=\"https:\/\/elektrik.co.rs\/wp-content\/uploads\/2018\/09\/slider_aero_02-1024x576.png 1024w, https:\/\/elektrik.co.rs\/wp-content\/uploads\/2018\/09\/slider_aero_02-300x169.png 300w, https:\/\/elektrik.co.rs\/wp-content\/uploads\/2018\/09\/slider_aero_02-768x432.png 768w, https:\/\/elektrik.co.rs\/wp-content\/uploads\/2018\/09\/slider_aero_02.png 1920w\" sizes=\"(max-width: 1024px) 100vw, 1024px\" \/>\t\t\t\t\t\t\t\t<\/a>\n\t\t\t\t\t\t\t\t\t\t\t\t\t\t\t<\/div>\n\t\t\t\t<\/div>\n\t\t\t\t\t<\/div>\n\t\t<\/div>\n\t\t\t\t\t\t\t<\/div>\n\t\t<\/section>\n\t\t\t\t<section class=\"elementor-section elementor-inner-section elementor-element elementor-element-7ff2f098 elementor-section-content-middle elementor-section-boxed elementor-section-height-default elementor-section-height-default\" data-id=\"7ff2f098\" data-element_type=\"section\">\n\t\t\t\t\t\t<div class=\"elementor-container elementor-column-gap-no\">\n\t\t\t\t\t<div class=\"elementor-column elementor-col-33 elementor-inner-column elementor-element elementor-element-5f6d0c17\" data-id=\"5f6d0c17\" data-element_type=\"column\">\n\t\t\t<div class=\"elementor-widget-wrap elementor-element-populated\">\n\t\t\t\t\t\t\t\t<div class=\"elementor-element elementor-element-585782c8 elementor-widget elementor-widget-heading\" data-id=\"585782c8\" data-element_type=\"widget\" data-widget_type=\"heading.default\">\n\t\t\t\t<div class=\"elementor-widget-container\">\n\t\t\t<h2 class=\"elementor-heading-title elementor-size-default\">Atlantic<\/h2>\t\t<\/div>\n\t\t\t\t<\/div>\n\t\t\t\t<div class=\"elementor-element elementor-element-714a499e elementor-widget elementor-widget-text-editor\" data-id=\"714a499e\" data-element_type=\"widget\" data-widget_type=\"text-editor.default\">\n\t\t\t\t<div class=\"elementor-widget-container\">\n\t\t\t\t\t\t\t<p>Francuski radijator<br \/>Modeli: F119,F129,F17<\/p>\t\t\t\t\t\t<\/div>\n\t\t\t\t<\/div>\n\t\t\t\t\t<\/div>\n\t\t<\/div>\n\t\t\t\t<div class=\"elementor-column elementor-col-33 elementor-inner-column elementor-element elementor-element-5c1d735f\" data-id=\"5c1d735f\" data-element_type=\"column\">\n\t\t\t<div class=\"elementor-widget-wrap elementor-element-populated\">\n\t\t\t\t\t\t\t\t<div class=\"elementor-element elementor-element-4d2011b0 elementor-widget elementor-widget-image\" data-id=\"4d2011b0\" data-element_type=\"widget\" data-widget_type=\"image.default\">\n\t\t\t\t<div class=\"elementor-widget-container\">\n\t\t\t\t\t\t\t\t\t\t\t\t\t\t\t\t<a href=\"https:\/\/elektrik.co.rs\/?page_id=145\">\n\t\t\t\t\t\t\t<img width=\"650\" height=\"650\" src=\"https:\/\/elektrik.co.rs\/wp-content\/uploads\/2018\/09\/252492.jpg\" class=\"elementor-animation-grow attachment-large size-large wp-image-94\" alt=\"finski radijator\" loading=\"lazy\" srcset=\"https:\/\/elektrik.co.rs\/wp-content\/uploads\/2018\/09\/252492.jpg 650w, https:\/\/elektrik.co.rs\/wp-content\/uploads\/2018\/09\/252492-150x150.jpg 150w, https:\/\/elektrik.co.rs\/wp-content\/uploads\/2018\/09\/252492-300x300.jpg 300w\" sizes=\"(max-width: 650px) 100vw, 650px\" \/>\t\t\t\t\t\t\t\t<\/a>\n\t\t\t\t\t\t\t\t\t\t\t\t\t\t\t<\/div>\n\t\t\t\t<\/div>\n\t\t\t\t\t<\/div>\n\t\t<\/div>\n\t\t\t\t<div class=\"elementor-column elementor-col-33 elementor-inner-column elementor-element elementor-element-1c5f0042\" data-id=\"1c5f0042\" data-element_type=\"column\">\n\t\t\t<div class=\"elementor-widget-wrap elementor-element-populated\">\n\t\t\t\t\t\t\t\t<div class=\"elementor-element elementor-element-167e8862 elementor-widget elementor-widget-heading\" data-id=\"167e8862\" data-element_type=\"widget\" data-widget_type=\"heading.default\">\n\t\t\t\t<div class=\"elementor-widget-container\">\n\t\t\t<h2 class=\"elementor-heading-title elementor-size-default\">CINI<\/h2>\t\t<\/div>\n\t\t\t\t<\/div>\n\t\t\t\t<div class=\"elementor-element elementor-element-6a4031a7 elementor-widget elementor-widget-text-editor\" data-id=\"6a4031a7\" data-element_type=\"widget\" data-widget_type=\"text-editor.default\">\n\t\t\t\t<div class=\"elementor-widget-container\">\n\t\t\t\t\t\t\t<p>Srpski radijator<br \/>Modeli: Aero<\/p>\t\t\t\t\t\t<\/div>\n\t\t\t\t<\/div>\n\t\t\t\t\t<\/div>\n\t\t<\/div>\n\t\t\t\t\t\t\t<\/div>\n\t\t<\/section>\n\t\t\t\t\t<\/div>\n\t\t<\/div>\n\t\t\t\t\t\t\t<\/div>\n\t\t<\/section>\n\t\t\t\t<section class=\"elementor-section elementor-top-section elementor-element elementor-element-785f3996 elementor-section-content-middle elementor-section-boxed elementor-section-height-default elementor-section-height-default\" data-id=\"785f3996\" data-element_type=\"section\">\n\t\t\t\t\t\t<div class=\"elementor-container elementor-column-gap-no\">\n\t\t\t\t\t<div class=\"elementor-column elementor-col-100 elementor-top-column elementor-element elementor-element-8518b41\" data-id=\"8518b41\" data-element_type=\"column\">\n\t\t\t<div class=\"elementor-widget-wrap elementor-element-populated\">\n\t\t\t\t\t\t\t\t<div class=\"elementor-element elementor-element-6df54d9f elementor-widget elementor-widget-heading\" data-id=\"6df54d9f\" data-element_type=\"widget\" data-widget_type=\"heading.default\">\n\t\t\t\t<div class=\"elementor-widget-container\">\n\t\t\t<h4 class=\"elementor-heading-title elementor-size-default\">Grejalice za kupatilo<\/h4>\t\t<\/div>\n\t\t\t\t<\/div>\n\t\t\t\t<section class=\"elementor-section elementor-inner-section elementor-element elementor-element-685ca5c2 elementor-section-content-middle elementor-section-boxed elementor-section-height-default elementor-section-height-default\" data-id=\"685ca5c2\" data-element_type=\"section\">\n\t\t\t\t\t\t<div class=\"elementor-container elementor-column-gap-no\">\n\t\t\t\t\t<div class=\"elementor-column elementor-col-50 elementor-inner-column elementor-element elementor-element-6862d041\" data-id=\"6862d041\" data-element_type=\"column\">\n\t\t\t<div class=\"elementor-widget-wrap elementor-element-populated\">\n\t\t\t\t\t\t\t\t<div class=\"elementor-element elementor-element-3a01f843 elementor-widget elementor-widget-image\" data-id=\"3a01f843\" data-element_type=\"widget\" data-widget_type=\"image.default\">\n\t\t\t\t<div class=\"elementor-widget-container\">\n\t\t\t\t\t\t\t\t\t\t\t\t\t\t\t\t<a href=\"https:\/\/elektrik.co.rs\/?page_id=151\">\n\t\t\t\t\t\t\t<img width=\"1024\" height=\"576\" src=\"https:\/\/elektrik.co.rs\/wp-content\/uploads\/2018\/09\/galerija_finesa_sivi_hrom-1024x576.jpg\" class=\"elementor-animation-grow attachment-large size-large wp-image-173\" alt=\"radijator za kupatilo cini\" loading=\"lazy\" srcset=\"https:\/\/elektrik.co.rs\/wp-content\/uploads\/2018\/09\/galerija_finesa_sivi_hrom-1024x576.jpg 1024w, https:\/\/elektrik.co.rs\/wp-content\/uploads\/2018\/09\/galerija_finesa_sivi_hrom-300x169.jpg 300w, https:\/\/elektrik.co.rs\/wp-content\/uploads\/2018\/09\/galerija_finesa_sivi_hrom-768x432.jpg 768w, https:\/\/elektrik.co.rs\/wp-content\/uploads\/2018\/09\/galerija_finesa_sivi_hrom.jpg 1920w\" sizes=\"(max-width: 1024px) 100vw, 1024px\" \/>\t\t\t\t\t\t\t\t<\/a>\n\t\t\t\t\t\t\t\t\t\t\t\t\t\t\t<\/div>\n\t\t\t\t<\/div>\n\t\t\t\t\t<\/div>\n\t\t<\/div>\n\t\t\t\t<div class=\"elementor-column elementor-col-50 elementor-inner-column elementor-element elementor-element-67f9d98d\" data-id=\"67f9d98d\" data-element_type=\"column\">\n\t\t\t<div class=\"elementor-widget-wrap elementor-element-populated\">\n\t\t\t\t\t\t\t\t<div class=\"elementor-element elementor-element-63b7ba41 elementor-widget elementor-widget-heading\" data-id=\"63b7ba41\" data-element_type=\"widget\" data-widget_type=\"heading.default\">\n\t\t\t\t<div class=\"elementor-widget-container\">\n\t\t\t<h2 class=\"elementor-heading-title elementor-size-default\">Kupatilski radijator - Su\u0161a\u010d<\/h2>\t\t<\/div>\n\t\t\t\t<\/div>\n\t\t\t\t<div class=\"elementor-element elementor-element-402c8f07 elementor-widget elementor-widget-text-editor\" data-id=\"402c8f07\" data-element_type=\"widget\" data-widget_type=\"text-editor.default\">\n\t\t\t\t<div class=\"elementor-widget-container\">\n\t\t\t\t\t\t\t<p>CINI Finesa kupatilski radijator (Su\u0161a\u010d)<br \/>Modeli: Finesa i Finesa Elektrik<\/p>\t\t\t\t\t\t<\/div>\n\t\t\t\t<\/div>\n\t\t\t\t\t<\/div>\n\t\t<\/div>\n\t\t\t\t\t\t\t<\/div>\n\t\t<\/section>\n\t\t\t\t<section class=\"elementor-section elementor-inner-section elementor-element elementor-element-664ba2d7 elementor-section-content-middle elementor-reverse-mobile elementor-section-boxed elementor-section-height-default elementor-section-height-default\" data-id=\"664ba2d7\" data-element_type=\"section\">\n\t\t\t\t\t\t<div class=\"elementor-container elementor-column-gap-no\">\n\t\t\t\t\t<div class=\"elementor-column elementor-col-50 elementor-inner-column elementor-element elementor-element-45ce98a\" data-id=\"45ce98a\" data-element_type=\"column\">\n\t\t\t<div class=\"elementor-widget-wrap elementor-element-populated\">\n\t\t\t\t\t\t\t\t<div class=\"elementor-element elementor-element-6f63e864 elementor-widget elementor-widget-heading\" data-id=\"6f63e864\" data-element_type=\"widget\" data-widget_type=\"heading.default\">\n\t\t\t\t<div class=\"elementor-widget-container\">\n\t\t\t<h2 class=\"elementor-heading-title elementor-size-default\">Elektri\u010dni greja\u010d MEK<\/h2>\t\t<\/div>\n\t\t\t\t<\/div>\n\t\t\t\t<div class=\"elementor-element elementor-element-30ccfbca elementor-widget elementor-widget-text-editor\" data-id=\"30ccfbca\" data-element_type=\"widget\" data-widget_type=\"text-editor.default\">\n\t\t\t\t<div class=\"elementor-widget-container\">\n\t\t\t\t\t\t\t<p>Elektri\u010dni greja\u010d MEK<br \/>Namenjen za razli\u0107ite modele kupatilskih su\u0161a\u010da\u00a0<\/p>\t\t\t\t\t\t<\/div>\n\t\t\t\t<\/div>\n\t\t\t\t\t<\/div>\n\t\t<\/div>\n\t\t\t\t<div class=\"elementor-column elementor-col-50 elementor-inner-column elementor-element elementor-element-76d3be92\" data-id=\"76d3be92\" data-element_type=\"column\">\n\t\t\t<div class=\"elementor-widget-wrap elementor-element-populated\">\n\t\t\t\t\t\t\t\t<div class=\"elementor-element elementor-element-20380917 elementor-widget elementor-widget-image\" data-id=\"20380917\" data-element_type=\"widget\" data-widget_type=\"image.default\">\n\t\t\t\t<div class=\"elementor-widget-container\">\n\t\t\t\t\t\t\t\t\t\t\t\t\t\t\t\t<a href=\"https:\/\/elektrik.co.rs\/?page_id=151\">\n\t\t\t\t\t\t\t<img width=\"1024\" height=\"576\" src=\"https:\/\/elektrik.co.rs\/wp-content\/uploads\/2018\/09\/galerija_mek_01-1024x576.jpg\" class=\"elementor-animation-grow attachment-large size-large wp-image-174\" alt=\"\" loading=\"lazy\" srcset=\"https:\/\/elektrik.co.rs\/wp-content\/uploads\/2018\/09\/galerija_mek_01-1024x576.jpg 1024w, https:\/\/elektrik.co.rs\/wp-content\/uploads\/2018\/09\/galerija_mek_01-300x169.jpg 300w, https:\/\/elektrik.co.rs\/wp-content\/uploads\/2018\/09\/galerija_mek_01-768x432.jpg 768w, https:\/\/elektrik.co.rs\/wp-content\/uploads\/2018\/09\/galerija_mek_01.jpg 1920w\" sizes=\"(max-width: 1024px) 100vw, 1024px\" \/>\t\t\t\t\t\t\t\t<\/a>\n\t\t\t\t\t\t\t\t\t\t\t\t\t\t\t<\/div>\n\t\t\t\t<\/div>\n\t\t\t\t\t<\/div>\n\t\t<\/div>\n\t\t\t\t\t\t\t<\/div>\n\t\t<\/section>\n\t\t\t\t\t<\/div>\n\t\t<\/div>\n\t\t\t\t\t\t\t<\/div>\n\t\t<\/section>\n\t\t\t\t\t\t\t<\/div>\n\t\t","protected":false},"excerpt":{"rendered":"<p>Konvektori Ensto Finski radijatorModeli: Beta Atlantic Francuski radijatorModeli: F119,F129,F17 CINI Srpski radijatorModeli: Aero Grejalice za kupatilo Kupatilski radijator &#8211; Su\u0161a\u010d CINI Finesa kupatilski radijator (Su\u0161a\u010d)Modeli: Finesa i Finesa Elektrik Elektri\u010dni greja\u010d MEK Elektri\u010dni greja\u010d MEKNamenjen za razli\u0107ite modele kupatilskih su\u0161a\u010da\u00a0<\/p>\n","protected":false},"author":1,"featured_media":0,"parent":0,"menu_order":0,"comment_status":"closed","ping_status":"closed","template":"","meta":[],"_links":{"self":[{"href":"https:\/\/elektrik.co.rs\/index.php?rest_route=\/wp\/v2\/pages\/128"}],"collection":[{"href":"https:\/\/elektrik.co.rs\/index.php?rest_route=\/wp\/v2\/pages"}],"about":[{"href":"https:\/\/elektrik.co.rs\/index.php?rest_route=\/wp\/v2\/types\/page"}],"author":[{"embeddable":true,"href":"https:\/\/elektrik.co.rs\/index.php?rest_route=\/wp\/v2\/users\/1"}],"replies":[{"embeddable":true,"href":"https:\/\/elektrik.co.rs\/index.php?rest_route=%2Fwp%2Fv2%2Fcomments&post=128"}],"version-history":[{"count":11,"href":"https:\/\/elektrik.co.rs\/index.php?rest_route=\/wp\/v2\/pages\/128\/revisions"}],"predecessor-version":[{"id":185,"href":"https:\/\/elektrik.co.rs\/index.php?rest_route=\/wp\/v2\/pages\/128\/revisions\/185"}],"wp:attachment":[{"href":"https:\/\/elektrik.co.rs\/index.php?rest_route=%2Fwp%2Fv2%2Fmedia&parent=128"}],"curies":[{"name":"wp","href":"https:\/\/api.w.org\/{rel}","templated":true}]}}